{"id":24630,"date":"2025-12-25T19:26:11","date_gmt":"2025-12-25T19:26:11","guid":{"rendered":"https:\/\/kyksparis.com\/?post_type=product&#038;p=24630"},"modified":"2026-01-10T16:52:48","modified_gmt":"2026-01-10T16:52:48","slug":"kyksflare-set-2-pieces","status":"publish","type":"product","link":"https:\/\/kyksparis.com\/en\/product\/kyksflare-set-2-pieces\/","title":{"rendered":"KYKSFLARE - 2-piece set"},"content":{"rendered":"<div data-elementor-type=\"product-post\" data-elementor-id=\"24630\" class=\"elementor elementor-24630\" data-elementor-post-type=\"product\">\n\t\t\t\t<div class=\"elementor-element elementor-element-42caa35f e-flex e-con-boxed e-con e-parent\" data-id=\"42caa35f\" data-element_type=\"container\" data-e-type=\"container\">\n\t\t\t\t\t<div class=\"e-con-inner\">\n\t\t\t\t<div class=\"elementor-element elementor-element-12ebd6ba elementor-widget elementor-widget-text-editor\" data-id=\"12ebd6ba\" data-element_type=\"widget\" data-e-type=\"widget\" data-widget_type=\"text-editor.default\">\n\t\t\t\t\t\t\t\t\t<p data-start=\"151\" data-end=\"351\">Le set <strong data-start=\"158\" data-end=\"171\">KYKSFLARE<\/strong> a \u00e9t\u00e9 pens\u00e9 pour sublimer la silhouette avec \u00e9l\u00e9gance et fluidit\u00e9.<br data-start=\"238\" data-end=\"241\" \/>Sa coupe flatteuse allonge la ligne tout en offrant un confort optimal, pour une allure affirm\u00e9e au quotidien.<\/p>\n<p data-start=\"353\" data-end=\"520\">Compos\u00e9 d\u2019un <strong data-start=\"366\" data-end=\"401\">pantalon flare patte d\u2019\u00e9l\u00e9phant<\/strong> et d\u2019un <strong data-start=\"410\" data-end=\"440\">crop top \u00e0 manches longues<\/strong>, il se porte aussi bien ensemble que s\u00e9par\u00e9ment, selon ton style et ton rythme.<\/p>\n<p data-start=\"522\" data-end=\"610\">Une pi\u00e8ce signature du vestiaire KYKS, con\u00e7ue pour le mouvement, le confort et l\u2019allure.<\/p>\n<p data-start=\"612\" data-end=\"626\">\ud83e\uddf5 <strong data-start=\"615\" data-end=\"626\">D\u00e9tails<\/strong><\/p>\n<p data-start=\"628\" data-end=\"642\">Set 2 pi\u00e8ces<\/p>\n<p data-start=\"644\" data-end=\"697\">Pantalon flare taille haute, coupe patte d\u2019\u00e9l\u00e9phant<\/p>\n<p data-start=\"699\" data-end=\"742\">Crop top \u00e0 manches longues, coupe ajust\u00e9e<\/p>\n<p data-start=\"744\" data-end=\"776\">Silhouette \u00e9lanc\u00e9e et f\u00e9minine<\/p>\n<p data-start=\"778\" data-end=\"820\">Mati\u00e8re douce, extensible et confortable<\/p>\n<p data-start=\"822\" data-end=\"864\">Pens\u00e9 pour le sport doux et le lifestyle<\/p>\n<p data-start=\"822\" data-end=\"864\"><\/p>\n<p data-start=\"866\" data-end=\"884\">\ud83e\uddf5 <strong data-start=\"869\" data-end=\"884\">Composition<\/strong><\/p>\n<p data-start=\"886\" data-end=\"910\">Nylon &amp; \u00e9lasthanne<\/p>\n<p data-start=\"912\" data-end=\"928\">\ud83e\uddfc <strong data-start=\"915\" data-end=\"928\">Entretien<\/strong><\/p>\n<p data-start=\"930\" data-end=\"956\">Lavage en machine \u00e0 30\u00b0C<\/p>\n<p data-start=\"958\" data-end=\"984\">Ne pas utiliser de javel<\/p>\n<p data-start=\"986\" data-end=\"1012\">Ne pas s\u00e9cher en machine<\/p>\n<p data-start=\"1014\" data-end=\"1031\">Ne pas repasser<\/p>\n<p data-start=\"1033\" data-end=\"1072\">Laver \u00e0 l\u2019envers, couleurs similaires<\/p>\t\t\t\t\t\t\t\t<\/div>\n\t\t\t\t\t<\/div>\n\t\t\t\t<\/div>\n\t\t\t\t<\/div>","protected":false},"excerpt":{"rendered":"<p data-start=\"370\" data-end=\"574\">Ensemble deux pi\u00e8ces compos\u00e9 d\u2019un <strong data-start=\"404\" data-end=\"439\">pantalon flare patte d\u2019\u00e9l\u00e9phant<\/strong> et d\u2019un <strong data-start=\"448\" data-end=\"478\">crop top \u00e0 manches longues<\/strong>.<br data-start=\"479\" data-end=\"482\" \/>Une silhouette \u00e9l\u00e9gante, confortable et moderne, pens\u00e9e pour sublimer le corps au quotidien.<\/p>\n<hr data-start=\"576\" data-end=\"579\" \/>\n<h2 data-start=\"581\" data-end=\"629\"><\/h2>","protected":false},"featured_media":24861,"comment_status":"open","ping_status":"closed","template":"","meta":[],"product_brand":[],"product_cat":[15,263,74],"product_tag":[],"class_list":{"0":"post-24630","1":"product","2":"type-product","3":"status-publish","4":"has-post-thumbnail","6":"product_cat-kyks","7":"product_cat-kyksflare-collection","8":"product_cat-women","9":"pa_color-beige","10":"pa_color-marron","11":"pa_color-noir","12":"pa_color-vert","14":"first","15":"instock","16":"featured","17":"taxable","18":"shipping-taxable","19":"purchasable","20":"product-type-variable"},"_links":{"self":[{"href":"https:\/\/kyksparis.com\/en\/wp-json\/wp\/v2\/product\/24630","targetHints":{"allow":["GET"]}}],"collection":[{"href":"https:\/\/kyksparis.com\/en\/wp-json\/wp\/v2\/product"}],"about":[{"href":"https:\/\/kyksparis.com\/en\/wp-json\/wp\/v2\/types\/product"}],"replies":[{"embeddable":true,"href":"https:\/\/kyksparis.com\/en\/wp-json\/wp\/v2\/comments?post=24630"}],"version-history":[{"count":6,"href":"https:\/\/kyksparis.com\/en\/wp-json\/wp\/v2\/product\/24630\/revisions"}],"predecessor-version":[{"id":24862,"href":"https:\/\/kyksparis.com\/en\/wp-json\/wp\/v2\/product\/24630\/revisions\/24862"}],"wp:featuredmedia":[{"embeddable":true,"href":"https:\/\/kyksparis.com\/en\/wp-json\/wp\/v2\/media\/24861"}],"wp:attachment":[{"href":"https:\/\/kyksparis.com\/en\/wp-json\/wp\/v2\/media?parent=24630"}],"wp:term":[{"taxonomy":"product_brand","embeddable":true,"href":"https:\/\/kyksparis.com\/en\/wp-json\/wp\/v2\/product_brand?post=24630"},{"taxonomy":"product_cat","embeddable":true,"href":"https:\/\/kyksparis.com\/en\/wp-json\/wp\/v2\/product_cat?post=24630"},{"taxonomy":"product_tag","embeddable":true,"href":"https:\/\/kyksparis.com\/en\/wp-json\/wp\/v2\/product_tag?post=24630"}],"curies":[{"name":"wp","href":"https:\/\/api.w.org\/{rel}","templated":true}]}}