{"id":24608,"date":"2025-12-24T22:46:49","date_gmt":"2025-12-24T22:46:49","guid":{"rendered":"https:\/\/kyksparis.com\/?post_type=product&#038;p=24608"},"modified":"2026-01-10T16:43:02","modified_gmt":"2026-01-10T16:43:02","slug":"kyksoft-collection","status":"publish","type":"product","link":"https:\/\/kyksparis.com\/en\/product\/kyksoft-collection\/","title":{"rendered":"KYKSOFT - Set 4 Pieces"},"content":{"rendered":"<p data-start=\"213\" data-end=\"532\">La <strong data-start=\"216\" data-end=\"238\">KYKSOFT Collection<\/strong> a \u00e9t\u00e9 pens\u00e9e comme une ligne essentielle, o\u00f9 le confort rencontre la performance et l\u2019\u00e9l\u00e9gance.<br data-start=\"334\" data-end=\"337\" \/>Cette collection se compose de <strong data-start=\"368\" data-end=\"401\">quatre pi\u00e8ces compl\u00e9mentaires<\/strong> : un <strong data-start=\"407\" data-end=\"418\">legging<\/strong>, un <strong data-start=\"423\" data-end=\"432\">short<\/strong>, un <strong data-start=\"437\" data-end=\"450\">d\u00e9bardeur<\/strong> et un <strong data-start=\"457\" data-end=\"483\">pull \u00e0 manches longues<\/strong>, con\u00e7us pour \u00eatre port\u00e9s ensemble ou s\u00e9par\u00e9ment.<\/p>\n<p data-start=\"534\" data-end=\"824\">Fabriqu\u00e9e \u00e0 partir d\u2019un m\u00e9lange haut de gamme de <strong data-start=\"583\" data-end=\"615\">nylon, \u00e9lasthanne et spandex<\/strong>, la mati\u00e8re se distingue par sa <strong data-start=\"648\" data-end=\"666\">densit\u00e9 lourde<\/strong>, son toucher doux et sa tenue exceptionnelle. Elle \u00e9pouse parfaitement le corps tout en offrant un maintien optimal, sans sensation de compression excessive.<\/p>\n<p data-start=\"826\" data-end=\"1099\">Le tissu est <strong data-start=\"839\" data-end=\"877\">extensible, respirant et r\u00e9sistant<\/strong>, id\u00e9al pour accompagner les mouvements lors des s\u00e9ances de sport comme dans le quotidien. Sa structure \u00e9paisse garantit une <strong data-start=\"1002\" data-end=\"1020\">opacit\u00e9 totale<\/strong>, une excellente durabilit\u00e9 et une sensation de qualit\u00e9 premium d\u00e8s l\u2019enfilage.<\/p>\n<p data-start=\"1101\" data-end=\"1140\">Chaque pi\u00e8ce a \u00e9t\u00e9 con\u00e7ue pour offrir :<\/p>\n<ul data-start=\"1141\" data-end=\"1257\">\n<li data-start=\"1141\" data-end=\"1172\">\n<p data-start=\"1143\" data-end=\"1172\">un <strong data-start=\"1146\" data-end=\"1170\">confort longue dur\u00e9e<\/strong><\/p>\n<\/li>\n<li data-start=\"1173\" data-end=\"1212\">\n<p data-start=\"1175\" data-end=\"1212\">une <strong data-start=\"1179\" data-end=\"1210\">libert\u00e9 de mouvement totale<\/strong><\/p>\n<\/li>\n<li data-start=\"1213\" data-end=\"1257\">\n<p data-start=\"1215\" data-end=\"1257\">une <strong data-start=\"1219\" data-end=\"1257\">silhouette structur\u00e9e et flatteuse<\/strong><\/p>\n<\/li>\n<\/ul>\n<p data-start=\"1259\" data-end=\"1435\">KYKSOFT est une collection polyvalente, pens\u00e9e pour celles qui recherchent des pi\u00e8ces \u00e0 la fois <strong data-start=\"1355\" data-end=\"1396\">fonctionnelles, \u00e9l\u00e9gantes et durables<\/strong>, du studio \u00e0 la vie de tous les jours.<\/p>","protected":false},"excerpt":{"rendered":"<p data-start=\"1489\" data-end=\"1759\">La <strong data-start=\"1492\" data-end=\"1514\">KYKSOFT Collection<\/strong> comprend un legging, un short, un d\u00e9bardeur et un pull \u00e0 manches longues.<br data-start=\"1588\" data-end=\"1591\" \/>Confectionn\u00e9e en <strong data-start=\"1608\" data-end=\"1640\">nylon, \u00e9lasthanne et spandex<\/strong>, sa mati\u00e8re \u00e9paisse et premium offre un maintien parfait, une douceur incomparable et un confort durable au quotidien.<\/p>","protected":false},"featured_media":24407,"comment_status":"open","ping_status":"closed","template":"","meta":[],"product_brand":[],"product_cat":[262,74],"product_tag":[],"class_list":{"0":"post-24608","1":"product","2":"type-product","3":"status-publish","4":"has-post-thumbnail","6":"product_cat-kyksoft-collection","7":"product_cat-women","8":"pa_color-bleu","9":"pa_color-gris","10":"pa_color-noir","11":"pa_color-vert","12":"description-off","14":"first","15":"instock","16":"featured","17":"taxable","18":"shipping-taxable","19":"purchasable","20":"product-type-variable"},"_links":{"self":[{"href":"https:\/\/kyksparis.com\/en\/wp-json\/wp\/v2\/product\/24608","targetHints":{"allow":["GET"]}}],"collection":[{"href":"https:\/\/kyksparis.com\/en\/wp-json\/wp\/v2\/product"}],"about":[{"href":"https:\/\/kyksparis.com\/en\/wp-json\/wp\/v2\/types\/product"}],"replies":[{"embeddable":true,"href":"https:\/\/kyksparis.com\/en\/wp-json\/wp\/v2\/comments?post=24608"}],"version-history":[{"count":4,"href":"https:\/\/kyksparis.com\/en\/wp-json\/wp\/v2\/product\/24608\/revisions"}],"predecessor-version":[{"id":24629,"href":"https:\/\/kyksparis.com\/en\/wp-json\/wp\/v2\/product\/24608\/revisions\/24629"}],"wp:featuredmedia":[{"embeddable":true,"href":"https:\/\/kyksparis.com\/en\/wp-json\/wp\/v2\/media\/24407"}],"wp:attachment":[{"href":"https:\/\/kyksparis.com\/en\/wp-json\/wp\/v2\/media?parent=24608"}],"wp:term":[{"taxonomy":"product_brand","embeddable":true,"href":"https:\/\/kyksparis.com\/en\/wp-json\/wp\/v2\/product_brand?post=24608"},{"taxonomy":"product_cat","embeddable":true,"href":"https:\/\/kyksparis.com\/en\/wp-json\/wp\/v2\/product_cat?post=24608"},{"taxonomy":"product_tag","embeddable":true,"href":"https:\/\/kyksparis.com\/en\/wp-json\/wp\/v2\/product_tag?post=24608"}],"curies":[{"name":"wp","href":"https:\/\/api.w.org\/{rel}","templated":true}]}}