{"id":20183,"date":"2025-05-01T08:25:48","date_gmt":"2025-05-01T08:25:48","guid":{"rendered":"https:\/\/kyksparis.com\/product\/pr001\/"},"modified":"2026-01-10T16:46:50","modified_gmt":"2026-01-10T16:46:50","slug":"kyksaligne","status":"publish","type":"product","link":"https:\/\/kyksparis.com\/en\/product\/kyksaligne\/","title":{"rendered":"KYKSALIGN\u00c9 - Set 4 Pieces"},"content":{"rendered":"<p data-start=\"614\" data-end=\"830\">Le set <strong data-start=\"621\" data-end=\"636\">KYKS ALIGN\u00c9<\/strong> a \u00e9t\u00e9 pens\u00e9 pour accompagner le corps avec justesse et fluidit\u00e9.<br data-start=\"701\" data-end=\"704\" \/>Sa mati\u00e8re douce et gainante \u00e9pouse la silhouette sans contrainte, offrant un maintien naturel et un confort seconde peau.<\/p>\n<p data-start=\"835\" data-end=\"990\">Compos\u00e9 d\u2019une <strong data-start=\"849\" data-end=\"865\">veste zipp\u00e9e<\/strong>, d\u2019une <strong data-start=\"873\" data-end=\"886\">brassi\u00e8re<\/strong> et d\u2019un <strong data-start=\"895\" data-end=\"906\">legging<\/strong>, d&rsquo;un <strong>short<\/strong> il se porte aussi bien ensemble que s\u00e9par\u00e9ment, selon ton rythme et ton \u00e9nergie.<\/p>\n<p data-start=\"995\" data-end=\"1086\">Une pi\u00e8ce essentielle du vestiaire KYKS, con\u00e7ue pour le mouvement, l\u2019\u00e9quilibre et l\u2019allure.<\/p>\n<h3 data-start=\"1173\" data-end=\"1187\">\ud83e\uddf5 D\u00e9tails<\/h3>\n<ul data-start=\"1188\" data-end=\"1371\">\n<li data-start=\"1188\" data-end=\"1204\">\n<p data-start=\"1190\" data-end=\"1204\">Set 4 pi\u00e8ces<\/p>\n<\/li>\n<li data-start=\"1205\" data-end=\"1237\">\n<p data-start=\"1207\" data-end=\"1237\">Coupe galbante et structur\u00e9e<\/p>\n<\/li>\n<li data-start=\"1238\" data-end=\"1286\">\n<p data-start=\"1240\" data-end=\"1286\">Maintien naturel, sans compression excessive<\/p>\n<\/li>\n<li data-start=\"1287\" data-end=\"1331\">\n<p data-start=\"1289\" data-end=\"1331\">Mati\u00e8re douce, extensible et confortable<\/p>\n<\/li>\n<li data-start=\"1332\" data-end=\"1371\">\n<p data-start=\"1334\" data-end=\"1371\">Pens\u00e9 pour le sport et le lifestyle<\/p>\n<\/li>\n<\/ul>\n<h3 data-start=\"1378\" data-end=\"1396\">\ud83e\uddf5 Composition<\/h3>\n<ul data-start=\"1397\" data-end=\"1423\">\n<li data-start=\"1397\" data-end=\"1423\">\n<p data-start=\"1399\" data-end=\"1423\">Polyester &amp; \u00e9lasthanne<\/p>\n<\/li>\n<\/ul>\n<h3 data-start=\"1476\" data-end=\"1492\">\ud83e\uddfc Entretien<\/h3>\n<ul data-start=\"1493\" data-end=\"1641\">\n<li data-start=\"1493\" data-end=\"1521\">\n<p data-start=\"1495\" data-end=\"1521\">Lavage en machine \u00e0 30\u00b0C<\/p>\n<\/li>\n<li data-start=\"1522\" data-end=\"1550\">\n<p data-start=\"1524\" data-end=\"1550\">Ne pas utiliser de javel<\/p>\n<\/li>\n<li data-start=\"1551\" data-end=\"1579\">\n<p data-start=\"1553\" data-end=\"1579\">Ne pas s\u00e9cher en machine<\/p>\n<\/li>\n<li data-start=\"1580\" data-end=\"1599\">\n<p data-start=\"1582\" data-end=\"1599\">Ne pas repasser<\/p>\n<\/li>\n<li data-start=\"1600\" data-end=\"1641\">\n<p data-start=\"1602\" data-end=\"1641\">Laver \u00e0 l\u2019envers, couleurs similaires<\/p>\n<\/li>\n<\/ul>","protected":false},"excerpt":{"rendered":"<p data-start=\"614\" data-end=\"830\">Le set <strong data-start=\"621\" data-end=\"636\">KYKS ALIGN\u00c9<\/strong> a \u00e9t\u00e9 pens\u00e9 pour accompagner le corps avec justesse et fluidit\u00e9.<br data-start=\"701\" data-end=\"704\" \/>Compos\u00e9 d\u2019une <strong data-start=\"849\" data-end=\"865\">veste zipp\u00e9e<\/strong>, d\u2019une <strong data-start=\"873\" data-end=\"886\">brassi\u00e8re<\/strong> et d\u2019un <strong data-start=\"895\" data-end=\"906\">legging<\/strong>, d&rsquo;un <strong>short<\/strong> il se porte aussi bien ensemble que s\u00e9par\u00e9ment, selon ton rythme et ton \u00e9nergie.<\/p>\n<p data-start=\"995\" data-end=\"1086\">Une pi\u00e8ce essentielle du vestiaire KYKS, con\u00e7ue pour le mouvement, l\u2019\u00e9quilibre et l\u2019allure.<\/p>","protected":false},"featured_media":24453,"comment_status":"open","ping_status":"closed","template":"","meta":[],"product_brand":[],"product_cat":[264,74],"product_tag":[],"class_list":{"0":"post-20183","1":"product","2":"type-product","3":"status-publish","4":"has-post-thumbnail","6":"product_cat-kyks-aligne","7":"product_cat-women","8":"product_shipping_class-livraison-standard","9":"pa_color-marron","10":"pa_color-rose","11":"pa_color-black","12":"description-off","14":"first","15":"instock","16":"featured","17":"taxable","18":"shipping-taxable","19":"purchasable","20":"product-type-variable","21":"has-default-attributes"},"_links":{"self":[{"href":"https:\/\/kyksparis.com\/en\/wp-json\/wp\/v2\/product\/20183","targetHints":{"allow":["GET"]}}],"collection":[{"href":"https:\/\/kyksparis.com\/en\/wp-json\/wp\/v2\/product"}],"about":[{"href":"https:\/\/kyksparis.com\/en\/wp-json\/wp\/v2\/types\/product"}],"replies":[{"embeddable":true,"href":"https:\/\/kyksparis.com\/en\/wp-json\/wp\/v2\/comments?post=20183"}],"version-history":[{"count":5,"href":"https:\/\/kyksparis.com\/en\/wp-json\/wp\/v2\/product\/20183\/revisions"}],"predecessor-version":[{"id":24738,"href":"https:\/\/kyksparis.com\/en\/wp-json\/wp\/v2\/product\/20183\/revisions\/24738"}],"wp:featuredmedia":[{"embeddable":true,"href":"https:\/\/kyksparis.com\/en\/wp-json\/wp\/v2\/media\/24453"}],"wp:attachment":[{"href":"https:\/\/kyksparis.com\/en\/wp-json\/wp\/v2\/media?parent=20183"}],"wp:term":[{"taxonomy":"product_brand","embeddable":true,"href":"https:\/\/kyksparis.com\/en\/wp-json\/wp\/v2\/product_brand?post=20183"},{"taxonomy":"product_cat","embeddable":true,"href":"https:\/\/kyksparis.com\/en\/wp-json\/wp\/v2\/product_cat?post=20183"},{"taxonomy":"product_tag","embeddable":true,"href":"https:\/\/kyksparis.com\/en\/wp-json\/wp\/v2\/product_tag?post=20183"}],"curies":[{"name":"wp","href":"https:\/\/api.w.org\/{rel}","templated":true}]}}