{"id":3,"date":"2025-12-19T21:30:38","date_gmt":"2025-12-19T21:30:38","guid":{"rendered":"https:\/\/kyksparis.com\/?page_id=3"},"modified":"2025-12-20T14:26:00","modified_gmt":"2025-12-20T14:26:00","slug":"privacy-policy","status":"publish","type":"page","link":"https:\/\/kyksparis.com\/en\/privacy-policy\/","title":{"rendered":"POLITIQUE DE CONFIDENTIALIT\u00c9 \u2013 KYKS"},"content":{"rendered":"<h2 class=\"wp-block-heading\">Qui sommes-nous<\/h2>\n\n\n\n<p>Le site <strong>KYKS<\/strong> est \u00e9dit\u00e9 par :<\/p>\n\n\n\n<p><strong>Adresse postale<\/strong> : 45 rue Pierre Brossolette, 95200 Sarcelles, France<\/p>\n\n\n\n<p><strong>Nom de la marque<\/strong> : KYKS<\/p>\n\n\n\n<p><strong>Propri\u00e9taire<\/strong> : Vane Bamba<\/p>\n\n\n\n<p><strong>Site web<\/strong> : <a href=\"https:\/\/kyksparis.com\/en\/\">https:\/\/www.kyksparis.com<\/a><\/p>\n\n\n\n<p><strong>Adresse e-mail<\/strong> : <a>info@kyksparis.com<\/a><\/p>\n\n\n\n<h2 class=\"wp-block-heading\">Donn\u00e9es personnelles collect\u00e9es<\/h2>\n\n\n\n<p>Nous collectons certaines donn\u00e9es personnelles lorsque vous :<\/p>\n\n\n\n<ul class=\"wp-block-list\">\n<li>passez une commande sur notre site<\/li>\n\n\n\n<li>cr\u00e9ez un compte client<\/li>\n\n\n\n<li>nous contactez via un formulaire ou par e-mail<\/li>\n\n\n\n<li>naviguez sur notre site (cookies)<\/li>\n<\/ul>\n\n\n\n<p>Les donn\u00e9es collect\u00e9es peuvent inclure :<\/p>\n\n\n\n<p>adresse IP et donn\u00e9es de navigationent, your profile picture is visible to the public in the context of your comment.<\/p>\n\n\n\n<p>nom et pr\u00e9nom<\/p>\n\n\n\n<p>adresse postale<\/p>\n\n\n\n<p>adresse e-mail<\/p>\n\n\n\n<p>num\u00e9ro de t\u00e9l\u00e9phone<\/p>\n\n\n\n<p>informations de paiement (via des prestataires s\u00e9curis\u00e9s)<\/p>\n\n\n\n<h2 class=\"wp-block-heading\">Commentaires<\/h2>\n\n\n\n<p>Lorsque les visiteurs laissent des commentaires sur le site, nous collectons les donn\u00e9es inscrites dans le formulaire de commentaire, ainsi que l\u2019adresse IP et l\u2019agent utilisateur du navigateur afin d\u2019aider \u00e0 la d\u00e9tection des commentaires ind\u00e9sirables (spam).<\/p>\n\n\n\n<h2 class=\"wp-block-heading\">M\u00e9dias<\/h2>\n\n\n\n<p>Si vous t\u00e9l\u00e9versez des images sur le site, nous vous conseillons d\u2019\u00e9viter de t\u00e9l\u00e9verser des images contenant des donn\u00e9es de localisation int\u00e9gr\u00e9es (EXIF GPS). Les visiteurs du site peuvent t\u00e9l\u00e9charger et extraire ces donn\u00e9es depuis les images publi\u00e9es.<\/p>\n\n\n\n<h2 class=\"wp-block-heading\">Cookies<\/h2>\n\n\n\n<p>Le site <strong>kyksparis.com<\/strong> utilise des cookies afin de :<\/p>\n\n\n\n<ul class=\"wp-block-list\">\n<li>assurer le bon fonctionnement du site<\/li>\n\n\n\n<li>am\u00e9liorer votre exp\u00e9rience utilisateur<\/li>\n\n\n\n<li>mesurer l\u2019audience et les performances<\/li>\n<\/ul>\n\n\n\n<p>Vous pouvez \u00e0 tout moment configurer ou refuser les cookies via les param\u00e8tres de votre navigateur.<\/p>\n\n\n\n<h2 class=\"wp-block-heading\">Contenu embarqu\u00e9 depuis d\u2019autres sites<\/h2>\n\n\n\n<p>Les articles de ce site peuvent inclure des contenus int\u00e9gr\u00e9s (par exemple des vid\u00e9os, images, articles\u2026).<br>Le contenu int\u00e9gr\u00e9 depuis d\u2019autres sites se comporte de la m\u00eame mani\u00e8re que si le visiteur se rendait directement sur ces sites.<\/p>\n\n\n\n<p>Ces sites web pourraient collecter des donn\u00e9es sur vous, utiliser des cookies ou embarquer des outils de suivi tiers.<\/p>\n\n\n\n<h2 class=\"wp-block-heading\">Avec qui nous partageons vos donn\u00e9es<\/h2>\n\n\n\n<p>Vos donn\u00e9es personnelles ne sont <strong>jamais vendues<\/strong>.<br>Elles peuvent \u00eatre partag\u00e9es uniquement avec :<br>des prestataires de paiement s\u00e9curis\u00e9s<br>des services de livraison<br>des outils techniques n\u00e9cessaires au fonctionnement du site<br>Ces prestataires sont eux-m\u00eames soumis au respect du RGPD.<\/p>\n\n\n\n<h2 class=\"wp-block-heading\">Dur\u00e9e de conservation des donn\u00e9es<\/h2>\n\n\n\n<ul class=\"wp-block-list\">\n<li>Les donn\u00e9es li\u00e9es aux commandes sont conserv\u00e9es conform\u00e9ment aux obligations l\u00e9gales et fiscales.<\/li>\n\n\n\n<li>Les comptes clients peuvent \u00eatre supprim\u00e9s sur demande.<\/li>\n\n\n\n<li>Les commentaires et leurs m\u00e9tadonn\u00e9es peuvent \u00eatre conserv\u00e9s ind\u00e9finiment.<\/li>\n<\/ul>\n\n\n\n<h2 class=\"wp-block-heading\">Vos droits sur vos donn\u00e9es<\/h2>\n\n\n\n<p>Conform\u00e9ment au R\u00e8glement G\u00e9n\u00e9ral sur la Protection des Donn\u00e9es (RGPD), vous disposez des droits suivants :<\/p>\n\n\n\n<ul class=\"wp-block-list\">\n<li>droit d\u2019acc\u00e8s<\/li>\n\n\n\n<li>droit de rectification<\/li>\n\n\n\n<li>droit \u00e0 l\u2019effacement<\/li>\n\n\n\n<li>droit d\u2019opposition<\/li>\n\n\n\n<li>droit \u00e0 la limitation du traitement<\/li>\n<\/ul>\n\n\n\n<p>Pour toute demande concernant vos donn\u00e9es personnelles, vous pouvez nous contacter \u00e0 :<br>\ud83d\udce7 <strong><a>info@kyksparis.com<\/a><\/strong><\/p>\n\n\n\n<h2 class=\"wp-block-heading\">O\u00f9 vos donn\u00e9es sont envoy\u00e9es<\/h2>\n\n\n\n<p>Les commentaires des visiteurs peuvent \u00eatre v\u00e9rifi\u00e9s \u00e0 l\u2019aide d\u2019un service automatis\u00e9 de d\u00e9tection des spams.<\/p>\n\n\n\n<h2 class=\"wp-block-heading\">S\u00e9curit\u00e9<\/h2>\n\n\n\n<p>Nous mettons en \u0153uvre toutes les mesures techniques et organisationnelles n\u00e9cessaires pour aider \u00e0 prot\u00e9ger vos donn\u00e9es personnelles contre tout acc\u00e8s non autoris\u00e9, perte ou divulgation.<\/p>\n\n\n\n<h2 class=\"wp-block-heading\">Modifications de la politique de confidentialit\u00e9<\/h2>\n\n\n\n<p>Cette politique de confidentialit\u00e9 peut \u00eatre modifi\u00e9e \u00e0 tout moment afin de rester conforme aux \u00e9volutions l\u00e9gales ou techniques. l\u00e9gales ou techniques.<br>La version en vigueur est celle publi\u00e9e sur le site.<\/p>\n\n\n\n<p><\/p>","protected":false},"excerpt":{"rendered":"<p>Qui sommes-nous Le site KYKS est \u00e9dit\u00e9 par : Adresse postale : 45 rue Pierre Brossolette, 95200 Sarcelles, France Nom de la marque : KYKS Propri\u00e9taire : Vane Bamba Site web : https:\/\/www.kyksparis.com Adresse e-mail : info@kyksparis.com Donn\u00e9es personnelles collect\u00e9es Nous collectons certaines donn\u00e9es personnelles lorsque vous : Les donn\u00e9es collect\u00e9es peuvent inclure : adresse&hellip;<\/p>","protected":false},"author":1,"featured_media":0,"parent":0,"menu_order":0,"comment_status":"closed","ping_status":"open","template":"","meta":{"footnotes":""},"class_list":["post-3","page","type-page","status-publish","hentry","description-off"],"_hostinger_reach_plugin_has_subscription_block":false,"_hostinger_reach_plugin_is_elementor":false,"_links":{"self":[{"href":"https:\/\/kyksparis.com\/en\/wp-json\/wp\/v2\/pages\/3","targetHints":{"allow":["GET"]}}],"collection":[{"href":"https:\/\/kyksparis.com\/en\/wp-json\/wp\/v2\/pages"}],"about":[{"href":"https:\/\/kyksparis.com\/en\/wp-json\/wp\/v2\/types\/page"}],"author":[{"embeddable":true,"href":"https:\/\/kyksparis.com\/en\/wp-json\/wp\/v2\/users\/1"}],"replies":[{"embeddable":true,"href":"https:\/\/kyksparis.com\/en\/wp-json\/wp\/v2\/comments?post=3"}],"version-history":[{"count":1,"href":"https:\/\/kyksparis.com\/en\/wp-json\/wp\/v2\/pages\/3\/revisions"}],"predecessor-version":[{"id":24143,"href":"https:\/\/kyksparis.com\/en\/wp-json\/wp\/v2\/pages\/3\/revisions\/24143"}],"wp:attachment":[{"href":"https:\/\/kyksparis.com\/en\/wp-json\/wp\/v2\/media?parent=3"}],"curies":[{"name":"wp","href":"https:\/\/api.w.org\/{rel}","templated":true}]}}