{"id":19295,"date":"2025-03-04T06:09:21","date_gmt":"2025-03-04T06:09:21","guid":{"rendered":"https:\/\/kyksparis.com\/shipping-and-delivery\/"},"modified":"2025-12-20T12:43:06","modified_gmt":"2025-12-20T12:43:06","slug":"shipping-and-delivery","status":"publish","type":"page","link":"https:\/\/kyksparis.com\/en\/shipping-and-delivery\/","title":{"rendered":"Exp\u00e9dition et Livraison"},"content":{"rendered":"<div data-elementor-type=\"wp-page\" data-elementor-id=\"19295\" class=\"elementor elementor-19295\" data-elementor-post-type=\"page\">\n\t\t\t\t<div class=\"elementor-element elementor-element-f59eeb9 e-flex e-con-boxed e-con e-parent\" data-id=\"f59eeb9\" data-element_type=\"container\" data-e-type=\"container\">\n\t\t\t\t\t<div class=\"e-con-inner\">\n\t\t\t\t<div class=\"elementor-element elementor-element-8903e4a elementor-widget elementor-widget-the7-heading\" data-id=\"8903e4a\" data-element_type=\"widget\" data-e-type=\"widget\" data-widget_type=\"the7-heading.default\">\n\t\t\t\t<div class=\"elementor-widget-container\">\n\t\t\t\t\t<h3 class=\"the7-heading-title elementor-size-default\">M\u00e9thodes de livraison<\/h3>\t\t\t\t<\/div>\n\t\t\t\t<\/div>\n\t\t\t\t<div class=\"elementor-element elementor-element-284d467 elementor-widget elementor-widget-text-editor\" data-id=\"284d467\" data-element_type=\"widget\" data-e-type=\"widget\" data-widget_type=\"text-editor.default\">\n\t\t\t\t\t\t\t\t\t<p>Les commandes pass\u00e9es sur kyksparis.com sont pr\u00e9par\u00e9es avec soin et exp\u00e9di\u00e9es dans les plus brefs d\u00e9lais.<\/p><p>Nous proposons la livraison :\u00a0<\/p><ul><li>en France<\/li><li>en Europe<\/li><li>\u00e0 l&rsquo;international<\/li><\/ul><p>Les options de livraison disponibles et les frais associ\u00e9s sont affich\u00e9s lors du passage en caisse<\/p>\t\t\t\t\t\t\t\t<\/div>\n\t\t\t\t<div class=\"elementor-element elementor-element-7c2ece8 elementor-widget elementor-widget-the7-heading\" data-id=\"7c2ece8\" data-element_type=\"widget\" data-e-type=\"widget\" data-widget_type=\"the7-heading.default\">\n\t\t\t\t<div class=\"elementor-widget-container\">\n\t\t\t\t\t<h3 class=\"the7-heading-title elementor-size-default\">D\u00e9lais de traitement <\/h3>\t\t\t\t<\/div>\n\t\t\t\t<\/div>\n\t\t\t\t<div class=\"elementor-element elementor-element-cd2e14a elementor-widget elementor-widget-text-editor\" data-id=\"cd2e14a\" data-element_type=\"widget\" data-e-type=\"widget\" data-widget_type=\"text-editor.default\">\n\t\t\t\t\t\t\t\t\t<p>. Les commandes sont pr\u00e9par\u00e9es sous 24 \u00e0 72h ouvr\u00e9es<\/p><p>. Les d\u00e9lais de livraison varient ensuite selon la destination et le transporteur s\u00e9lectionn\u00e9<\/p><p>Veuillez noter que les d\u00e9lais peuvent \u00eatre prolong\u00e9s en p\u00e9riode de forte activit\u00e9 ( lancement, promotions, \u00e9v\u00e9nements).\u00a0<\/p>\t\t\t\t\t\t\t\t<\/div>\n\t\t\t\t<div class=\"elementor-element elementor-element-f6016b0 elementor-widget elementor-widget-the7-heading\" data-id=\"f6016b0\" data-element_type=\"widget\" data-e-type=\"widget\" data-widget_type=\"the7-heading.default\">\n\t\t\t\t<div class=\"elementor-widget-container\">\n\t\t\t\t\t<h3 class=\"the7-heading-title elementor-size-default\">Article incorrect ou d\u00e9fectueux <\/h3>\t\t\t\t<\/div>\n\t\t\t\t<\/div>\n\t\t\t\t<div class=\"elementor-element elementor-element-bdfbc1d elementor-widget elementor-widget-text-editor\" data-id=\"bdfbc1d\" data-element_type=\"widget\" data-e-type=\"widget\" data-widget_type=\"text-editor.default\">\n\t\t\t\t\t\t\t\t\t<p>Si vous recevez un article incorrect ou pr\u00e9sentant un d\u00e9faut, merci de nous contacter dans un d\u00e9lai de 48heures apr\u00e8s r\u00e9ception de votre commande.<\/p><p>Veuillez nous transmettre:\u00a0<\/p><ul><li>votre num\u00e9ro de commande<\/li><li>des photos claires de l&rsquo;article concern\u00e9.<\/li><\/ul><p>Notre \u00e9quipe vous apportera une solution adapt\u00e9e dans les meilleurs d\u00e9lais.<\/p><p>\u00a0<\/p>\t\t\t\t\t\t\t\t<\/div>\n\t\t\t\t\t<\/div>\n\t\t\t\t<\/div>\n\t\t\t\t<\/div>","protected":false},"excerpt":{"rendered":"<p>M\u00e9thodes de livraison Les commandes pass\u00e9es sur kyksparis.com sont pr\u00e9par\u00e9es avec soin et exp\u00e9di\u00e9es dans les plus brefs d\u00e9lais. Nous proposons la livraison :\u00a0 en France en Europe \u00e0 l&rsquo;international Les options de livraison disponibles et les frais associ\u00e9s sont affich\u00e9s lors du passage en caisse D\u00e9lais de traitement . Les commandes sont pr\u00e9par\u00e9es sous&hellip;<\/p>","protected":false},"author":1,"featured_media":0,"parent":0,"menu_order":15,"comment_status":"closed","ping_status":"closed","template":"","meta":{"footnotes":""},"class_list":["post-19295","page","type-page","status-publish","hentry"],"_hostinger_reach_plugin_has_subscription_block":false,"_hostinger_reach_plugin_is_elementor":false,"_links":{"self":[{"href":"https:\/\/kyksparis.com\/en\/wp-json\/wp\/v2\/pages\/19295","targetHints":{"allow":["GET"]}}],"collection":[{"href":"https:\/\/kyksparis.com\/en\/wp-json\/wp\/v2\/pages"}],"about":[{"href":"https:\/\/kyksparis.com\/en\/wp-json\/wp\/v2\/types\/page"}],"author":[{"embeddable":true,"href":"https:\/\/kyksparis.com\/en\/wp-json\/wp\/v2\/users\/1"}],"replies":[{"embeddable":true,"href":"https:\/\/kyksparis.com\/en\/wp-json\/wp\/v2\/comments?post=19295"}],"version-history":[{"count":4,"href":"https:\/\/kyksparis.com\/en\/wp-json\/wp\/v2\/pages\/19295\/revisions"}],"predecessor-version":[{"id":24112,"href":"https:\/\/kyksparis.com\/en\/wp-json\/wp\/v2\/pages\/19295\/revisions\/24112"}],"wp:attachment":[{"href":"https:\/\/kyksparis.com\/en\/wp-json\/wp\/v2\/media?parent=19295"}],"curies":[{"name":"wp","href":"https:\/\/api.w.org\/{rel}","templated":true}]}}