{"id":15198,"date":"2024-05-17T09:57:31","date_gmt":"2024-05-17T09:57:31","guid":{"rendered":"https:\/\/kyksparis.com\/about\/"},"modified":"2025-12-20T20:14:12","modified_gmt":"2025-12-20T20:14:12","slug":"about","status":"publish","type":"page","link":"https:\/\/kyksparis.com\/en\/about\/","title":{"rendered":"About"},"content":{"rendered":"<div data-elementor-type=\"wp-page\" data-elementor-id=\"15198\" class=\"elementor elementor-15198\" data-elementor-post-type=\"page\">\n\t\t\t\t<div class=\"elementor-element elementor-element-351e8df e-con-full e-flex e-con e-parent\" data-id=\"351e8df\" data-element_type=\"container\" data-e-type=\"container\">\n\t\t\t\t<div class=\"elementor-element elementor-element-1517b42 elementor-widget-widescreen__width-initial elementor-widget elementor-widget-image\" data-id=\"1517b42\" data-element_type=\"widget\" data-e-type=\"widget\" data-widget_type=\"image.default\">\n\t\t\t\t\t\t\t\t\t\t\t\t\t\t\t<img fetchpriority=\"high\" decoding=\"async\" width=\"768\" height=\"1342\" src=\"https:\/\/kyksparis.com\/wp-content\/uploads\/2025\/12\/IMG_6092-768x1342.jpg\" class=\"attachment-medium_large size-medium_large wp-image-24190\" alt=\"\" srcset=\"https:\/\/kyksparis.com\/wp-content\/uploads\/2025\/12\/IMG_6092-768x1342.jpg 768w, https:\/\/kyksparis.com\/wp-content\/uploads\/2025\/12\/IMG_6092-1000x1748.jpg 1000w, https:\/\/kyksparis.com\/wp-content\/uploads\/2025\/12\/IMG_6092-172x300.jpg 172w, https:\/\/kyksparis.com\/wp-content\/uploads\/2025\/12\/IMG_6092-586x1024.jpg 586w, https:\/\/kyksparis.com\/wp-content\/uploads\/2025\/12\/IMG_6092-879x1536.jpg 879w, https:\/\/kyksparis.com\/wp-content\/uploads\/2025\/12\/IMG_6092.jpg 1170w\" sizes=\"(max-width: 768px) 100vw, 768px\" \/>\t\t\t\t\t\t\t\t\t\t\t\t\t\t\t<\/div>\n\t\t<div class=\"elementor-element elementor-element-839fa4d e-con-full e-flex e-con e-child\" data-id=\"839fa4d\" data-element_type=\"container\" data-e-type=\"container\">\n\t\t<div class=\"elementor-element elementor-element-75b8fc9 e-flex e-con-boxed e-con e-child\" data-id=\"75b8fc9\" data-element_type=\"container\" data-e-type=\"container\">\n\t\t\t\t\t<div class=\"e-con-inner\">\n\t\t\t\t<div class=\"elementor-element elementor-element-8aac39b elementor-widget elementor-widget-the7-heading\" data-id=\"8aac39b\" data-element_type=\"widget\" data-e-type=\"widget\" data-widget_type=\"the7-heading.default\">\n\t\t\t\t<div class=\"elementor-widget-container\">\n\t\t\t\t\t<h3 class=\"the7-heading-title elementor-size-default\">La signature sport couture<\/h3>\t\t\t\t<\/div>\n\t\t\t\t<\/div>\n\t\t\t\t<div class=\"elementor-element elementor-element-edc23d9 elementor-widget elementor-widget-text-editor\" data-id=\"edc23d9\" data-element_type=\"widget\" data-e-type=\"widget\" data-widget_type=\"text-editor.default\">\n\t\t\t\t\t\t\t\t\t<p data-start=\"158\" data-end=\"390\"><strong data-start=\"158\" data-end=\"197\">KYKS r\u00e9invente le vestiaire moderne<\/strong> en proposant des collections soigneusement \u00e9dit\u00e9es, o\u00f9 la performance rencontre l\u2019\u00e9l\u00e9gance.<br data-start=\"289\" data-end=\"292\" \/>Chaque pi\u00e8ce est pens\u00e9e pour accompagner le mouvement du quotidien, sans jamais renoncer au style.<\/p><p data-start=\"392\" data-end=\"681\">\u00c0 la crois\u00e9e du <strong data-start=\"408\" data-end=\"446\">sport, du confort et de la couture<\/strong>, KYKS c\u00e9l\u00e8bre une allure libre, affirm\u00e9e et intemporelle.<br data-start=\"504\" data-end=\"507\" \/>Nos cr\u00e9ations s\u2019adaptent \u00e0 tous les rythmes de vie et traversent les styles, pour celles et ceux qui veulent se sentir fortes, belles et confiantes, en mouvement comme au repos.<\/p><p data-start=\"683\" data-end=\"796\">KYKS, c\u2019est plus qu\u2019un v\u00eatement :<br data-start=\"716\" data-end=\"719\" \/>c\u2019est une <strong data-start=\"729\" data-end=\"742\">signature<\/strong>, une <strong data-start=\"748\" data-end=\"760\">attitude<\/strong>, une <strong data-start=\"766\" data-end=\"795\">vision du style en action<\/strong>.<\/p>\t\t\t\t\t\t\t\t<\/div>\n\t\t\t\t<div class=\"elementor-element elementor-element-b5a8d7e elementor-widget elementor-widget-text-editor\" data-id=\"b5a8d7e\" data-element_type=\"widget\" data-e-type=\"widget\" data-widget_type=\"text-editor.default\">\n\t\t\t\t\t\t\t\t\t<p>\u00a0 \u00a0\u00a0<\/p>\t\t\t\t\t\t\t\t<\/div>\n\t\t\t\t\t<\/div>\n\t\t\t\t<\/div>\n\t\t\t\t<\/div>\n\t\t\t\t<\/div>\n\t\t<div class=\"elementor-element elementor-element-edf8e2c e-con-full elementor-hidden-widescreen elementor-hidden-desktop elementor-hidden-laptop e-flex e-con e-parent\" data-id=\"edf8e2c\" data-element_type=\"container\" data-e-type=\"container\">\n\t\t\t\t<div class=\"elementor-element elementor-element-2d52930 elementor-widget elementor-widget-template\" data-id=\"2d52930\" data-element_type=\"widget\" data-e-type=\"widget\" data-widget_type=\"template.default\">\n\t\t\t\t<div class=\"elementor-widget-container\">\n\t\t\t\t\t\t\t<div class=\"elementor-template\">\n\t\t\t\t\t<div data-elementor-type=\"container\" data-elementor-id=\"23483\" class=\"elementor elementor-23483\" data-elementor-post-type=\"elementor_library\">\n\t\t\t\t<div class=\"elementor-element elementor-element-78ac1e91 e-con-full e-flex e-con e-parent\" data-id=\"78ac1e91\" data-element_type=\"container\" data-e-type=\"container\">\n\t\t\t\t<div class=\"elementor-element elementor-element-7a3ea4d2 elementor-widget elementor-widget-spacer\" data-id=\"7a3ea4d2\" data-element_type=\"widget\" data-e-type=\"widget\" data-widget_type=\"spacer.default\">\n\t\t\t\t\t\t\t<div class=\"elementor-spacer\">\n\t\t\t<div class=\"elementor-spacer-inner\"><\/div>\n\t\t<\/div>\n\t\t\t\t\t\t<\/div>\n\t\t\t\t<\/div>\n\t\t\t\t<\/div>\n\t\t\t\t<\/div>\n\t\t\t\t\t\t<\/div>\n\t\t\t\t<\/div>\n\t\t\t\t<\/div>\n\t\t<div class=\"elementor-element elementor-element-a0f3907 e-flex e-con-boxed e-con e-parent\" data-id=\"a0f3907\" data-element_type=\"container\" data-e-type=\"container\">\n\t\t\t\t\t<div class=\"e-con-inner\">\n\t\t\t\t\t<\/div>\n\t\t\t\t<\/div>\n\t\t\t\t<\/div>","protected":false},"excerpt":{"rendered":"<p>La signature sport couture KYKS r\u00e9invente le vestiaire moderne en proposant des collections soigneusement \u00e9dit\u00e9es, o\u00f9 la performance rencontre l\u2019\u00e9l\u00e9gance.Chaque pi\u00e8ce est pens\u00e9e pour accompagner le mouvement du quotidien, sans jamais renoncer au style. \u00c0 la crois\u00e9e du sport, du confort et de la couture, KYKS c\u00e9l\u00e8bre une allure libre, affirm\u00e9e et intemporelle.Nos cr\u00e9ations s\u2019adaptent&hellip;<\/p>","protected":false},"author":1,"featured_media":0,"parent":0,"menu_order":5,"comment_status":"closed","ping_status":"closed","template":"","meta":{"footnotes":""},"class_list":["post-15198","page","type-page","status-publish","hentry"],"_hostinger_reach_plugin_has_subscription_block":false,"_hostinger_reach_plugin_is_elementor":false,"_links":{"self":[{"href":"https:\/\/kyksparis.com\/en\/wp-json\/wp\/v2\/pages\/15198","targetHints":{"allow":["GET"]}}],"collection":[{"href":"https:\/\/kyksparis.com\/en\/wp-json\/wp\/v2\/pages"}],"about":[{"href":"https:\/\/kyksparis.com\/en\/wp-json\/wp\/v2\/types\/page"}],"author":[{"embeddable":true,"href":"https:\/\/kyksparis.com\/en\/wp-json\/wp\/v2\/users\/1"}],"replies":[{"embeddable":true,"href":"https:\/\/kyksparis.com\/en\/wp-json\/wp\/v2\/comments?post=15198"}],"version-history":[{"count":18,"href":"https:\/\/kyksparis.com\/en\/wp-json\/wp\/v2\/pages\/15198\/revisions"}],"predecessor-version":[{"id":24239,"href":"https:\/\/kyksparis.com\/en\/wp-json\/wp\/v2\/pages\/15198\/revisions\/24239"}],"wp:attachment":[{"href":"https:\/\/kyksparis.com\/en\/wp-json\/wp\/v2\/media?parent=15198"}],"curies":[{"name":"wp","href":"https:\/\/api.w.org\/{rel}","templated":true}]}}